{"id":464,"date":"2023-09-26T12:03:34","date_gmt":"2023-09-26T15:03:34","guid":{"rendered":"https:\/\/kvaterceirizados.com.br\/?page_id=464"},"modified":"2023-10-16T09:34:51","modified_gmt":"2023-10-16T12:34:51","slug":"motorista-particular","status":"publish","type":"page","link":"https:\/\/kvaterceirizados.com.br\/index.php\/motorista-particular\/","title":{"rendered":"Motorista Particular"},"content":{"rendered":"\t\t<div data-elementor-type=\"wp-page\" data-elementor-id=\"464\" class=\"elementor elementor-464\" data-elementor-post-type=\"page\">\n\t\t\t\t\t\t\t<div class=\"elementor-element elementor-element-cd35f8a e-flex e-con-boxed e-con e-parent\" data-id=\"cd35f8a\" data-element_type=\"container\" data-settings=\"{&quot;background_background&quot;:&quot;classic&quot;,&quot;container_type&quot;:&quot;flex&quot;,&quot;content_width&quot;:&quot;boxed&quot;}\" data-core-v316-plus=\"true\">\n\t\t\t\t\t<div class=\"e-con-inner\">\n\t\t\t\t<div class=\"elementor-element elementor-element-a523c14 elementor-invisible elementor-widget elementor-widget-heading\" data-id=\"a523c14\" data-element_type=\"widget\" data-settings=\"{&quot;_animation&quot;:&quot;fadeInRight&quot;,&quot;_animation_laptop&quot;:&quot;fadeInRight&quot;}\" data-widget_type=\"heading.default\">\n\t\t\t\t<div class=\"elementor-widget-container\">\n\t\t\t<style>\/*! elementor - v3.16.0 - 14-09-2023 *\/\n.elementor-heading-title{padding:0;margin:0;line-height:1}.elementor-widget-heading .elementor-heading-title[class*=elementor-size-]>a{color:inherit;font-size:inherit;line-height:inherit}.elementor-widget-heading .elementor-heading-title.elementor-size-small{font-size:15px}.elementor-widget-heading .elementor-heading-title.elementor-size-medium{font-size:19px}.elementor-widget-heading .elementor-heading-title.elementor-size-large{font-size:29px}.elementor-widget-heading .elementor-heading-title.elementor-size-xl{font-size:39px}.elementor-widget-heading .elementor-heading-title.elementor-size-xxl{font-size:59px}<\/style><h2 class=\"elementor-heading-title elementor-size-default\">Motorista Particular<\/h2>\t\t<\/div>\n\t\t\t\t<\/div>\n\t\t\t\t<div class=\"elementor-element elementor-element-9d7fffe elementor-widget-divider--view-line elementor-widget elementor-widget-divider\" data-id=\"9d7fffe\" data-element_type=\"widget\" data-settings=\"{&quot;_animation_laptop&quot;:&quot;fadeInUp&quot;}\" data-widget_type=\"divider.default\">\n\t\t\t\t<div class=\"elementor-widget-container\">\n\t\t\t<style>\/*! elementor - v3.16.0 - 14-09-2023 *\/\n.elementor-widget-divider{--divider-border-style:none;--divider-border-width:1px;--divider-color:#0c0d0e;--divider-icon-size:20px;--divider-element-spacing:10px;--divider-pattern-height:24px;--divider-pattern-size:20px;--divider-pattern-url:none;--divider-pattern-repeat:repeat-x}.elementor-widget-divider .elementor-divider{display:flex}.elementor-widget-divider .elementor-divider__text{font-size:15px;line-height:1;max-width:95%}.elementor-widget-divider .elementor-divider__element{margin:0 var(--divider-element-spacing);flex-shrink:0}.elementor-widget-divider .elementor-icon{font-size:var(--divider-icon-size)}.elementor-widget-divider .elementor-divider-separator{display:flex;margin:0;direction:ltr}.elementor-widget-divider--view-line_icon .elementor-divider-separator,.elementor-widget-divider--view-line_text .elementor-divider-separator{align-items:center}.elementor-widget-divider--view-line_icon .elementor-divider-separator:after,.elementor-widget-divider--view-line_icon .elementor-divider-separator:before,.elementor-widget-divider--view-line_text .elementor-divider-separator:after,.elementor-widget-divider--view-line_text .elementor-divider-separator:before{display:block;content:\"\";border-bottom:0;flex-grow:1;border-top:var(--divider-border-width) var(--divider-border-style) var(--divider-color)}.elementor-widget-divider--element-align-left .elementor-divider .elementor-divider-separator>.elementor-divider__svg:first-of-type{flex-grow:0;flex-shrink:100}.elementor-widget-divider--element-align-left .elementor-divider-separator:before{content:none}.elementor-widget-divider--element-align-left .elementor-divider__element{margin-left:0}.elementor-widget-divider--element-align-right .elementor-divider .elementor-divider-separator>.elementor-divider__svg:last-of-type{flex-grow:0;flex-shrink:100}.elementor-widget-divider--element-align-right .elementor-divider-separator:after{content:none}.elementor-widget-divider--element-align-right .elementor-divider__element{margin-right:0}.elementor-widget-divider:not(.elementor-widget-divider--view-line_text):not(.elementor-widget-divider--view-line_icon) .elementor-divider-separator{border-top:var(--divider-border-width) var(--divider-border-style) var(--divider-color)}.elementor-widget-divider--separator-type-pattern{--divider-border-style:none}.elementor-widget-divider--separator-type-pattern.elementor-widget-divider--view-line .elementor-divider-separator,.elementor-widget-divider--separator-type-pattern:not(.elementor-widget-divider--view-line) .elementor-divider-separator:after,.elementor-widget-divider--separator-type-pattern:not(.elementor-widget-divider--view-line) .elementor-divider-separator:before,.elementor-widget-divider--separator-type-pattern:not([class*=elementor-widget-divider--view]) .elementor-divider-separator{width:100%;min-height:var(--divider-pattern-height);-webkit-mask-size:var(--divider-pattern-size) 100%;mask-size:var(--divider-pattern-size) 100%;-webkit-mask-repeat:var(--divider-pattern-repeat);mask-repeat:var(--divider-pattern-repeat);background-color:var(--divider-color);-webkit-mask-image:var(--divider-pattern-url);mask-image:var(--divider-pattern-url)}.elementor-widget-divider--no-spacing{--divider-pattern-size:auto}.elementor-widget-divider--bg-round{--divider-pattern-repeat:round}.rtl .elementor-widget-divider .elementor-divider__text{direction:rtl}.e-con-inner>.elementor-widget-divider,.e-con>.elementor-widget-divider{width:var(--container-widget-width,100%);--flex-grow:var(--container-widget-flex-grow)}<\/style>\t\t<div class=\"elementor-divider\">\n\t\t\t<span class=\"elementor-divider-separator\">\n\t\t\t\t\t\t<\/span>\n\t\t<\/div>\n\t\t\t\t<\/div>\n\t\t\t\t<\/div>\n\t\t\t\t<div class=\"elementor-element elementor-element-d3a8cfd elementor-invisible elementor-widget elementor-widget-text-editor\" data-id=\"d3a8cfd\" data-element_type=\"widget\" data-settings=\"{&quot;_animation&quot;:&quot;fadeInLeft&quot;,&quot;_animation_laptop&quot;:&quot;fadeInLeft&quot;}\" data-widget_type=\"text-editor.default\">\n\t\t\t\t<div class=\"elementor-widget-container\">\n\t\t\t<style>\/*! elementor - v3.16.0 - 14-09-2023 *\/\n.elementor-widget-text-editor.elementor-drop-cap-view-stacked .elementor-drop-cap{background-color:#69727d;color:#fff}.elementor-widget-text-editor.elementor-drop-cap-view-framed .elementor-drop-cap{color:#69727d;border:3px solid;background-color:transparent}.elementor-widget-text-editor:not(.elementor-drop-cap-view-default) .elementor-drop-cap{margin-top:8px}.elementor-widget-text-editor:not(.elementor-drop-cap-view-default) .elementor-drop-cap-letter{width:1em;height:1em}.elementor-widget-text-editor .elementor-drop-cap{float:left;text-align:center;line-height:1;font-size:50px}.elementor-widget-text-editor .elementor-drop-cap-letter{display:inline-block}<\/style>\t\t\t\t<p>A comodidade e seguran\u00e7a de sua viagem inicia-se com o servi\u00e7o\u00a0<br \/>de motorista particular. Contamos com os profissionais mais qualificados<br \/>para garantir sua tranquilidade e conforto.<\/p><p>Confie em nossa equipe para proporcionar viagens seguras e de alto padr\u00e3o.<br \/>Seu conforto e privacidade s\u00e3o nossa prioridade.<\/p><div class=\"group w-full text-token-text-primary border-b border-black\/10 gizmo:border-0 dark:border-gray-900\/50 gizmo:dark:border-0 bg-gray-50 gizmo:bg-transparent dark:bg-[#444654] gizmo:dark:bg-transparent\" data-testid=\"conversation-turn-15\"><div class=\"p-4 justify-center text-base md:gap-6 md:py-6 m-auto\"><div class=\"flex flex-1 gap-4 text-base mx-auto md:gap-6 gizmo:gap-3 md:max-w-2xl lg:max-w-[38rem] xl:max-w-3xl }\"><div class=\"relative flex w-[calc(100%-50px)] flex-col gap-1 md:gap-3 lg:w-[calc(100%-115px)] agent-turn\"><div class=\"flex flex-grow flex-col gap-3 max-w-full\"><div class=\"min-h-[20px] flex flex-col items-start gap-3 overflow-x-auto whitespace-pre-wrap break-words\"><div class=\"markdown prose w-full break-words dark:prose-invert light\"><p>\u2022 Motorista Particular Noturno<br \/>\u2022 Motorista Particular Diurno<br \/>\u2022 Motorista Particular 24h<\/p><\/div><\/div><\/div><\/div><\/div><\/div><\/div>\t\t\t\t\t\t<\/div>\n\t\t\t\t<\/div>\n\t\t\t\t<div class=\"elementor-element elementor-element-e575c95 elementor-widget-mobile__width-inherit elementor-widget elementor-widget-button\" data-id=\"e575c95\" data-element_type=\"widget\" data-settings=\"{&quot;_animation_laptop&quot;:&quot;fadeInUp&quot;}\" data-widget_type=\"button.default\">\n\t\t\t\t<div class=\"elementor-widget-container\">\n\t\t\t\t\t<div class=\"elementor-button-wrapper\">\n\t\t\t<a class=\"elementor-button elementor-button-link elementor-size-md elementor-animation-grow\" href=\"https:\/\/api.whatsapp.com\/send\/?phone=5511987468682&#038;text=Ol%C3%A1,%20gostaria%20de%20um%20or%C3%A7amento%20para%20Servi%C3%A7o%20de%20Portaria\" target=\"_blank\">\n\t\t\t\t\t\t<span class=\"elementor-button-content-wrapper\">\n\t\t\t\t\t\t<span class=\"elementor-button-text\">SOLICITE UM OR\u00c7AMENTO<\/span>\n\t\t<\/span>\n\t\t\t\t\t<\/a>\n\t\t<\/div>\n\t\t\t\t<\/div>\n\t\t\t\t<\/div>\n\t\t\t\t\t<\/div>\n\t\t\t\t<\/div>\n\t\t<div class=\"elementor-element elementor-element-d1f8c0c e-flex e-con-boxed e-con e-parent\" data-id=\"d1f8c0c\" data-element_type=\"container\" data-settings=\"{&quot;container_type&quot;:&quot;flex&quot;,&quot;content_width&quot;:&quot;boxed&quot;}\" data-core-v316-plus=\"true\">\n\t\t\t\t\t<div class=\"e-con-inner\">\n\t\t\t\t<div class=\"elementor-element elementor-element-2420bc5 elementor-widget-mobile__width-initial elementor-invisible elementor-widget elementor-widget-heading\" data-id=\"2420bc5\" data-element_type=\"widget\" data-settings=\"{&quot;_animation&quot;:&quot;fadeInRight&quot;,&quot;_animation_laptop&quot;:&quot;fadeInRight&quot;}\" data-widget_type=\"heading.default\">\n\t\t\t\t<div class=\"elementor-widget-container\">\n\t\t\t<h2 class=\"elementor-heading-title elementor-size-default\">MOTORISTA PARTICULAR: LIBERTE-SE DAS PREOCUPA\u00c7\u00d5ES NO TR\u00c2NSITO E FOQUE NO QUE \u00c9 IMPORTANTE!\n<\/h2>\t\t<\/div>\n\t\t\t\t<\/div>\n\t\t\t\t<div class=\"elementor-element elementor-element-35b7198 elementor-invisible elementor-widget elementor-widget-text-editor\" data-id=\"35b7198\" data-element_type=\"widget\" data-settings=\"{&quot;_animation&quot;:&quot;fadeIn&quot;,&quot;_animation_laptop&quot;:&quot;fadeInLeft&quot;}\" data-widget_type=\"text-editor.default\">\n\t\t\t\t<div class=\"elementor-widget-container\">\n\t\t\t\t\t\t\t<p>Nossos servi\u00e7os de motorista particular incluem uma equipe de profissionais altamente qualificados e experientes, prontos para atender \u00e0s suas necessidades de transporte de forma personalizada. Seja qual for o destino ou desafio que voc\u00ea enfrenta, nossa equipe est\u00e1 preparada para fornecer solu\u00e7\u00f5es sob medida, assegurando que suas viagens sejam seguras, confort\u00e1veis e eficientes.<\/p><p>Com nossa equipe de especialistas em servi\u00e7os de motorista particular, voc\u00ea pode ter a confian\u00e7a de que suas viagens n\u00e3o ser\u00e3o afetadas em nenhuma circunst\u00e2ncia, permitindo que voc\u00ea se concentre em seus compromissos e atividades enquanto cuidamos dos detalhes essenciais para sua comodidade e tranquilidade.<\/p>\t\t\t\t\t\t<\/div>\n\t\t\t\t<\/div>\n\t\t\t\t<div class=\"elementor-element elementor-element-80592d2 elementor-invisible elementor-widget elementor-widget-heading\" data-id=\"80592d2\" data-element_type=\"widget\" data-settings=\"{&quot;_animation&quot;:&quot;fadeInRight&quot;,&quot;_animation_laptop&quot;:&quot;fadeInRight&quot;}\" data-widget_type=\"heading.default\">\n\t\t\t\t<div class=\"elementor-widget-container\">\n\t\t\t<h2 class=\"elementor-heading-title elementor-size-default\">Experi\u00eancia no tr\u00e2nsito\n<\/h2>\t\t<\/div>\n\t\t\t\t<\/div>\n\t\t\t\t<div class=\"elementor-element elementor-element-354ec90 elementor-invisible elementor-widget elementor-widget-text-editor\" data-id=\"354ec90\" data-element_type=\"widget\" data-settings=\"{&quot;_animation&quot;:&quot;fadeInLeft&quot;,&quot;_animation_laptop&quot;:&quot;fadeInLeft&quot;}\" data-widget_type=\"text-editor.default\">\n\t\t\t\t<div class=\"elementor-widget-container\">\n\t\t\t\t\t\t\t<p>Experi\u00eancia Especializada Na KVA Motoristas Particulares, contamos com uma equipe de profissionais altamente experientes e treinados para atender \u00e0s suas necessidades de transporte de forma excepcional. Desde navegar pelo tr\u00e2nsito at\u00e9 proporcionar uma viagem segura e confort\u00e1vel, nossos especialistas possuem o conhecimento necess\u00e1rio para garantir que sua jornada seja sempre de alto padr\u00e3o.<\/p><p>Contratar uma equipe especializada economiza tempo e recursos, pois voc\u00ea n\u00e3o precisa treinar funcion\u00e1rios internos para realizar essas tarefas.<\/p>\t\t\t\t\t\t<\/div>\n\t\t\t\t<\/div>\n\t\t\t\t<div class=\"elementor-element elementor-element-5b8ba9d elementor-invisible elementor-widget elementor-widget-heading\" data-id=\"5b8ba9d\" data-element_type=\"widget\" data-settings=\"{&quot;_animation&quot;:&quot;fadeInRight&quot;,&quot;_animation_laptop&quot;:&quot;fadeInRight&quot;}\" data-widget_type=\"heading.default\">\n\t\t\t\t<div class=\"elementor-widget-container\">\n\t\t\t<h2 class=\"elementor-heading-title elementor-size-default\">Economia de custos\n<\/h2>\t\t<\/div>\n\t\t\t\t<\/div>\n\t\t\t\t<div class=\"elementor-element elementor-element-2720f89 elementor-invisible elementor-widget elementor-widget-text-editor\" data-id=\"2720f89\" data-element_type=\"widget\" data-settings=\"{&quot;_animation&quot;:&quot;fadeInUp&quot;,&quot;_animation_laptop&quot;:&quot;fadeInLeft&quot;}\" data-widget_type=\"text-editor.default\">\n\t\t\t\t<div class=\"elementor-widget-container\">\n\t\t\t\t\t\t\t<div class=\"group w-full text-token-text-primary border-b border-black\/10 gizmo:border-0 dark:border-gray-900\/50 gizmo:dark:border-0 bg-gray-50 gizmo:bg-transparent dark:bg-[#444654] gizmo:dark:bg-transparent\" data-testid=\"conversation-turn-23\"><div class=\"p-4 justify-center text-base md:gap-6 md:py-6 m-auto\"><div class=\"flex flex-1 gap-4 text-base mx-auto md:gap-6 gizmo:gap-3 md:max-w-2xl lg:max-w-[38rem] xl:max-w-3xl }\"><div class=\"relative flex w-[calc(100%-50px)] flex-col gap-1 md:gap-3 lg:w-[calc(100%-115px)] agent-turn\"><div class=\"flex flex-grow flex-col gap-3 max-w-full\"><div class=\"min-h-[20px] flex flex-col items-start gap-3 overflow-x-auto whitespace-pre-wrap break-words\"><div class=\"markdown prose w-full break-words dark:prose-invert light\"><p>Optar por um servi\u00e7o de motorista particular terceirizado pode ser mais econ\u00f4mico do que manter uma equipe interna para cuidar das mesmas necessidades de transporte. Isso ocorre porque voc\u00ea elimina preocupa\u00e7\u00f5es relacionadas aos custos de recrutamento, treinamento, benef\u00edcios e sal\u00e1rios de motoristas em tempo integral.<\/p><\/div><\/div><\/div><\/div><\/div><\/div><\/div>\t\t\t\t\t\t<\/div>\n\t\t\t\t<\/div>\n\t\t\t\t<div class=\"elementor-element elementor-element-0c008ce elementor-invisible elementor-widget elementor-widget-heading\" data-id=\"0c008ce\" data-element_type=\"widget\" data-settings=\"{&quot;_animation&quot;:&quot;fadeInRight&quot;,&quot;_animation_laptop&quot;:&quot;fadeInRight&quot;}\" data-widget_type=\"heading.default\">\n\t\t\t\t<div class=\"elementor-widget-container\">\n\t\t\t<h2 class=\"elementor-heading-title elementor-size-default\">Flexibilidade e Escalabilidade \n<\/h2>\t\t<\/div>\n\t\t\t\t<\/div>\n\t\t\t\t<div class=\"elementor-element elementor-element-447a44d elementor-invisible elementor-widget elementor-widget-text-editor\" data-id=\"447a44d\" data-element_type=\"widget\" data-settings=\"{&quot;_animation&quot;:&quot;fadeIn&quot;,&quot;_animation_laptop&quot;:&quot;fadeInLeft&quot;}\" data-widget_type=\"text-editor.default\">\n\t\t\t\t<div class=\"elementor-widget-container\">\n\t\t\t\t\t\t\t<p>As necessidades de transporte podem variar ao longo do tempo. Com um servi\u00e7o de motorista particular terceirizado, voc\u00ea pode ajustar facilmente o n\u00edvel de servi\u00e7o de acordo com as demandas sazonais ou mudan\u00e7as na sua agenda.<\/p><p>Se precisar de mais servi\u00e7os de transporte durante um per\u00edodo espec\u00edfico, a KVA Motoristas Particulares pode disponibilizar motoristas adicionais de maneira r\u00e1pida e eficiente, sem a necessidade de contrata\u00e7\u00f5es de curto prazo.<\/p>\t\t\t\t\t\t<\/div>\n\t\t\t\t<\/div>\n\t\t\t\t\t<\/div>\n\t\t\t\t<\/div>\n\t\t<div class=\"elementor-element elementor-element-17febc9 e-flex e-con-boxed e-con e-parent\" data-id=\"17febc9\" data-element_type=\"container\" data-settings=\"{&quot;background_background&quot;:&quot;classic&quot;,&quot;container_type&quot;:&quot;flex&quot;,&quot;content_width&quot;:&quot;boxed&quot;}\" data-core-v316-plus=\"true\">\n\t\t\t\t\t<div class=\"e-con-inner\">\n\t\t\t\t<div class=\"elementor-element elementor-element-c91da98 elementor-invisible elementor-widget elementor-widget-heading\" data-id=\"c91da98\" data-element_type=\"widget\" data-settings=\"{&quot;_animation&quot;:&quot;fadeInRight&quot;,&quot;_animation_laptop&quot;:&quot;fadeInRight&quot;}\" data-widget_type=\"heading.default\">\n\t\t\t\t<div class=\"elementor-widget-container\">\n\t\t\t<h2 class=\"elementor-heading-title elementor-size-default\">Solicite um Or\u00e7amento\n\n<\/h2>\t\t<\/div>\n\t\t\t\t<\/div>\n\t\t\t\t<div class=\"elementor-element elementor-element-06399db elementor-widget-divider--view-line elementor-widget elementor-widget-divider\" data-id=\"06399db\" data-element_type=\"widget\" data-settings=\"{&quot;_animation_laptop&quot;:&quot;fadeInUp&quot;}\" data-widget_type=\"divider.default\">\n\t\t\t\t<div class=\"elementor-widget-container\">\n\t\t\t\t\t<div class=\"elementor-divider\">\n\t\t\t<span class=\"elementor-divider-separator\">\n\t\t\t\t\t\t<\/span>\n\t\t<\/div>\n\t\t\t\t<\/div>\n\t\t\t\t<\/div>\n\t\t\t\t<div class=\"elementor-element elementor-element-ed52184 elementor-invisible elementor-widget elementor-widget-text-editor\" data-id=\"ed52184\" data-element_type=\"widget\" data-settings=\"{&quot;_animation&quot;:&quot;fadeIn&quot;,&quot;_animation_laptop&quot;:&quot;fadeInLeft&quot;}\" data-widget_type=\"text-editor.default\">\n\t\t\t\t<div class=\"elementor-widget-container\">\n\t\t\t\t\t\t\t<div class=\"wpb_text_column wpb_content_element  text-section-footer \"><div id=\"ct_pj20bvy30f6d9np3hdn6\" class=\"wpb_wrapper\"><p>Entre em contato conosco agora mesmo e solicite um or\u00e7amento sem compromisso.<\/p><\/div><\/div>\t\t\t\t\t\t<\/div>\n\t\t\t\t<\/div>\n\t\t\t\t<div class=\"elementor-element elementor-element-2ee8c18 elementor-align-center elementor-widget-mobile__width-inherit elementor-widget elementor-widget-button\" data-id=\"2ee8c18\" data-element_type=\"widget\" data-settings=\"{&quot;_animation_laptop&quot;:&quot;fadeInUp&quot;}\" data-widget_type=\"button.default\">\n\t\t\t\t<div class=\"elementor-widget-container\">\n\t\t\t\t\t<div class=\"elementor-button-wrapper\">\n\t\t\t<a class=\"elementor-button elementor-button-link elementor-size-md\" href=\"https:\/\/api.whatsapp.com\/send\/?phone=5511987468682&#038;text=Ol%C3%A1,%20gostaria%20de%20um%20or%C3%A7amento%20para%20Motorista%20Particular\" target=\"_blank\">\n\t\t\t\t\t\t<span class=\"elementor-button-content-wrapper\">\n\t\t\t\t\t\t<span class=\"elementor-button-text\">SOLICITE UM OR\u00c7AMENTO<\/span>\n\t\t<\/span>\n\t\t\t\t\t<\/a>\n\t\t<\/div>\n\t\t\t\t<\/div>\n\t\t\t\t<\/div>\n\t\t\t\t\t<\/div>\n\t\t\t\t<\/div>\n\t\t<div class=\"elementor-element elementor-element-355a39c e-con-full e-flex e-con e-parent\" data-id=\"355a39c\" data-element_type=\"container\" data-settings=\"{&quot;content_width&quot;:&quot;full&quot;,&quot;container_type&quot;:&quot;flex&quot;}\" data-core-v316-plus=\"true\">\n\t\t\t\t<div class=\"elementor-element elementor-element-2a6affc elementor-widget__width-initial elementor-invisible elementor-widget elementor-widget-image\" data-id=\"2a6affc\" data-element_type=\"widget\" data-settings=\"{&quot;_animation&quot;:&quot;fadeInLeft&quot;}\" data-widget_type=\"image.default\">\n\t\t\t\t<div class=\"elementor-widget-container\">\n\t\t\t<style>\/*! elementor - v3.16.0 - 14-09-2023 *\/\n.elementor-widget-image{text-align:center}.elementor-widget-image a{display:inline-block}.elementor-widget-image a img[src$=\".svg\"]{width:48px}.elementor-widget-image img{vertical-align:middle;display:inline-block}<\/style>\t\t\t\t\t\t\t\t\t\t\t\t<img decoding=\"async\" loading=\"lazy\" width=\"811\" height=\"350\" src=\"https:\/\/kvaterceirizados.com.br\/wp-content\/uploads\/2023\/09\/img_contato.png\" class=\"attachment-full size-full wp-image-424\" alt=\"\" srcset=\"https:\/\/kvaterceirizados.com.br\/wp-content\/uploads\/2023\/09\/img_contato.png 811w, https:\/\/kvaterceirizados.com.br\/wp-content\/uploads\/2023\/09\/img_contato-300x129.png 300w, https:\/\/kvaterceirizados.com.br\/wp-content\/uploads\/2023\/09\/img_contato-768x331.png 768w\" sizes=\"(max-width: 811px) 100vw, 811px\" \/>\t\t\t\t\t\t\t\t\t\t\t\t\t\t\t<\/div>\n\t\t\t\t<\/div>\n\t\t<div class=\"elementor-element elementor-element-866bc33 e-con-full e-flex e-con e-child\" data-id=\"866bc33\" data-element_type=\"container\" data-settings=\"{&quot;content_width&quot;:&quot;full&quot;,&quot;container_type&quot;:&quot;flex&quot;}\">\n\t\t\t\t<div class=\"elementor-element elementor-element-756d13b elementor-invisible elementor-widget elementor-widget-heading\" data-id=\"756d13b\" data-element_type=\"widget\" data-settings=\"{&quot;_animation&quot;:&quot;fadeInRight&quot;}\" data-widget_type=\"heading.default\">\n\t\t\t\t<div class=\"elementor-widget-container\">\n\t\t\t<h2 class=\"elementor-heading-title elementor-size-default\">Trabalhe Conosco<\/h2>\t\t<\/div>\n\t\t\t\t<\/div>\n\t\t\t\t<div class=\"elementor-element elementor-element-68af3f3 elementor-widget-divider--view-line elementor-invisible elementor-widget elementor-widget-divider\" data-id=\"68af3f3\" data-element_type=\"widget\" data-settings=\"{&quot;_animation&quot;:&quot;fadeIn&quot;}\" data-widget_type=\"divider.default\">\n\t\t\t\t<div class=\"elementor-widget-container\">\n\t\t\t\t\t<div class=\"elementor-divider\">\n\t\t\t<span class=\"elementor-divider-separator\">\n\t\t\t\t\t\t<\/span>\n\t\t<\/div>\n\t\t\t\t<\/div>\n\t\t\t\t<\/div>\n\t\t\t\t<div class=\"elementor-element elementor-element-a464757 elementor-invisible elementor-widget elementor-widget-text-editor\" data-id=\"a464757\" data-element_type=\"widget\" data-settings=\"{&quot;_animation&quot;:&quot;fadeInRight&quot;}\" data-widget_type=\"text-editor.default\">\n\t\t\t\t<div class=\"elementor-widget-container\">\n\t\t\t\t\t\t\t<p>Na KVA, acreditamos que a chave para o nosso sucesso est\u00e1 em nossa equipe talentosa e dedicada. Se voc\u00ea est\u00e1 em busca de uma carreira gratificante em servi\u00e7os terceirizados, ent\u00e3o voc\u00ea est\u00e1 no lugar certo.<\/p><p>Nossa empresa oferece um ambiente de trabalho din\u00e2mico e desafiador, onde a inova\u00e7\u00e3o e a excel\u00eancia s\u00e3o valorizadas. Estamos comprometidos em proporcionar oportunidades de crescimento e desenvolvimento profissional para todos os membros da nossa equipe.<\/p>\t\t\t\t\t\t<\/div>\n\t\t\t\t<\/div>\n\t\t\t\t<div class=\"elementor-element elementor-element-1fc321a elementor-invisible elementor-widget elementor-widget-button\" data-id=\"1fc321a\" data-element_type=\"widget\" data-settings=\"{&quot;_animation&quot;:&quot;fadeInUp&quot;}\" data-widget_type=\"button.default\">\n\t\t\t\t<div class=\"elementor-widget-container\">\n\t\t\t\t\t<div class=\"elementor-button-wrapper\">\n\t\t\t<a class=\"elementor-button elementor-button-link elementor-size-sm\" href=\"#elementor-action%3Aaction%3Dpopup%3Aopen%26settings%3DeyJpZCI6Ijc3OCIsInRvZ2dsZSI6ZmFsc2V9\" target=\"_blank\">\n\t\t\t\t\t\t<span class=\"elementor-button-content-wrapper\">\n\t\t\t\t\t\t<span class=\"elementor-button-text\">SEJA UM COLABORADOR<\/span>\n\t\t<\/span>\n\t\t\t\t\t<\/a>\n\t\t<\/div>\n\t\t\t\t<\/div>\n\t\t\t\t<\/div>\n\t\t\t\t<\/div>\n\t\t\t\t<\/div>\n\t\t\t\t\t\t\t<\/div>\n\t\t","protected":false},"excerpt":{"rendered":"<p>Motorista Particular A comodidade e seguran\u00e7a de sua viagem inicia-se com o servi\u00e7o\u00a0de motorista particular. Contamos com os profissionais mais qualificadospara garantir sua tranquilidade e conforto. Confie em nossa equipe para proporcionar viagens seguras e de alto padr\u00e3o.Seu conforto e privacidade s\u00e3o nossa prioridade. \u2022 Motorista Particular Noturno\u2022 Motorista Particular Diurno\u2022 Motorista Particular 24h SOLICITE [&hellip;]<\/p>\n","protected":false},"author":1,"featured_media":0,"parent":0,"menu_order":0,"comment_status":"closed","ping_status":"closed","template":"elementor_header_footer","meta":{"om_disable_all_campaigns":false,"footnotes":""},"aioseo_notices":[],"_links":{"self":[{"href":"https:\/\/kvaterceirizados.com.br\/index.php\/wp-json\/wp\/v2\/pages\/464"}],"collection":[{"href":"https:\/\/kvaterceirizados.com.br\/index.php\/wp-json\/wp\/v2\/pages"}],"about":[{"href":"https:\/\/kvaterceirizados.com.br\/index.php\/wp-json\/wp\/v2\/types\/page"}],"author":[{"embeddable":true,"href":"https:\/\/kvaterceirizados.com.br\/index.php\/wp-json\/wp\/v2\/users\/1"}],"replies":[{"embeddable":true,"href":"https:\/\/kvaterceirizados.com.br\/index.php\/wp-json\/wp\/v2\/comments?post=464"}],"version-history":[{"count":19,"href":"https:\/\/kvaterceirizados.com.br\/index.php\/wp-json\/wp\/v2\/pages\/464\/revisions"}],"predecessor-version":[{"id":866,"href":"https:\/\/kvaterceirizados.com.br\/index.php\/wp-json\/wp\/v2\/pages\/464\/revisions\/866"}],"wp:attachment":[{"href":"https:\/\/kvaterceirizados.com.br\/index.php\/wp-json\/wp\/v2\/media?parent=464"}],"curies":[{"name":"wp","href":"https:\/\/api.w.org\/{rel}","templated":true}]}}